{"id":685,"date":"2022-10-18T17:57:54","date_gmt":"2022-10-18T17:57:54","guid":{"rendered":"http:\/\/lonxadecanido.triade.es\/?page_id=685"},"modified":"2022-10-18T17:59:22","modified_gmt":"2022-10-18T17:59:22","slug":"acercate-a-la-lonxa-de-canido","status":"publish","type":"page","link":"https:\/\/lonxadecanido.org\/es\/acercate-a-la-lonxa-de-canido\/","title":{"rendered":"Ac\u00e9rcate a la Lonxa de Canido"},"content":{"rendered":"\t\t<div data-elementor-type=\"wp-page\" data-elementor-id=\"685\" class=\"elementor elementor-685\" data-elementor-settings=\"{&quot;ha_cmc_init_switcher&quot;:&quot;no&quot;}\" data-elementor-post-type=\"page\">\n\t\t\t\t\t\t<section class=\"elementor-section elementor-top-section elementor-element elementor-element-c5be393 elementor-section-boxed elementor-section-height-default elementor-section-height-default\" data-id=\"c5be393\" data-element_type=\"section\" data-e-type=\"section\" data-settings=\"{&quot;jet_parallax_layout_list&quot;:[],&quot;_ha_eqh_enable&quot;:false}\">\n\t\t\t\t\t\t<div class=\"elementor-container elementor-column-gap-default\">\n\t\t\t\t\t<div class=\"elementor-column elementor-col-100 elementor-top-column elementor-element elementor-element-99cac40\" data-id=\"99cac40\" data-element_type=\"column\" data-e-type=\"column\">\n\t\t\t<div class=\"elementor-widget-wrap elementor-element-populated\">\n\t\t\t\t\t\t<div class=\"elementor-element elementor-element-bceafa5 elementor-widget elementor-widget-heading\" data-id=\"bceafa5\" data-element_type=\"widget\" data-e-type=\"widget\" data-widget_type=\"heading.default\">\n\t\t\t\t<div class=\"elementor-widget-container\">\n\t\t\t\t\t<h2 class=\"elementor-heading-title elementor-size-default\">Ac\u00e9rcate a la Lonxa de Canido<\/h2>\t\t\t\t<\/div>\n\t\t\t\t<\/div>\n\t\t\t\t\t<\/div>\n\t\t<\/div>\n\t\t\t\t\t<\/div>\n\t\t<\/section>\n\t\t\t\t<section class=\"elementor-section elementor-top-section elementor-element elementor-element-ef98031 elementor-section-boxed elementor-section-height-default elementor-section-height-default\" data-id=\"ef98031\" data-element_type=\"section\" data-e-type=\"section\" data-settings=\"{&quot;jet_parallax_layout_list&quot;:[],&quot;_ha_eqh_enable&quot;:false}\">\n\t\t\t\t\t\t<div class=\"elementor-container elementor-column-gap-default\">\n\t\t\t\t\t<div class=\"elementor-column elementor-col-50 elementor-top-column elementor-element elementor-element-eeb40c9\" data-id=\"eeb40c9\" data-element_type=\"column\" data-e-type=\"column\">\n\t\t\t<div class=\"elementor-widget-wrap elementor-element-populated\">\n\t\t\t\t\t\t<div class=\"elementor-element elementor-element-df6f61a elementor-widget elementor-widget-image\" data-id=\"df6f61a\" data-element_type=\"widget\" data-e-type=\"widget\" data-widget_type=\"image.default\">\n\t\t\t\t<div class=\"elementor-widget-container\">\n\t\t\t\t\t\t\t\t\t\t\t\t\t\t\t<img fetchpriority=\"high\" decoding=\"async\" width=\"569\" height=\"425\" src=\"https:\/\/lonxadecanido.org\/wp-content\/uploads\/2022\/10\/foto_achegate.jpg\" class=\"attachment-full size-full wp-image-690\" alt=\"\" srcset=\"https:\/\/lonxadecanido.org\/wp-content\/uploads\/2022\/10\/foto_achegate.jpg 569w, https:\/\/lonxadecanido.org\/wp-content\/uploads\/2022\/10\/foto_achegate-300x224.jpg 300w\" sizes=\"(max-width: 569px) 100vw, 569px\" \/>\t\t\t\t\t\t\t\t\t\t\t\t\t\t\t<\/div>\n\t\t\t\t<\/div>\n\t\t\t\t\t<\/div>\n\t\t<\/div>\n\t\t\t\t<div class=\"elementor-column elementor-col-50 elementor-top-column elementor-element elementor-element-4b0ce8f\" data-id=\"4b0ce8f\" data-element_type=\"column\" data-e-type=\"column\">\n\t\t\t<div class=\"elementor-widget-wrap elementor-element-populated\">\n\t\t\t\t\t\t<div class=\"elementor-element elementor-element-72bc0f9 elementor-widget elementor-widget-text-editor\" data-id=\"72bc0f9\" data-element_type=\"widget\" data-e-type=\"widget\" data-widget_type=\"text-editor.default\">\n\t\t\t\t<div class=\"elementor-widget-container\">\n\t\t\t\t\t\t\t\t\t<p>Ac\u00e9rcate a la <strong>LONXA DE CANIDO<\/strong>!<\/p><p>Para la Cofrad\u00eda de Pescadores de Vigo es muy importante aproximar a la cidadan\u00eda tanto a los sectores produtivos como a los productos de nuestra localidad. Siendo \u00e9ste uno de los sectores m\u00e1s importantes a nivel econ\u00f3mico y social de Galicia y que configura nuestra identidad.<\/p><p>Env\u00edanos un mail a <a href=\"mailto:lonxa@cofradiavigo.org\">lonxa@cofradiavigo.org<\/a>, y estaremos encantados de agendarte una visita a la lonxa.<\/p>\t\t\t\t\t\t\t\t<\/div>\n\t\t\t\t<\/div>\n\t\t\t\t\t<\/div>\n\t\t<\/div>\n\t\t\t\t\t<\/div>\n\t\t<\/section>\n\t\t\t\t<\/div>\n\t\t","protected":false},"excerpt":{"rendered":"<p>Ac\u00e9rcate a la LONXA DE CANIDO! Para la Cofrad\u00eda de Pescadores de Vigo es muy importante aproximar a la cidadan\u00eda tanto a los sectores produtivos como a los productos de nuestra localidad. Siendo \u00e9ste uno de los sectores m\u00e1s importantes a nivel econ\u00f3mico y social de Galicia y que configura nuestra identidad. Env\u00edanos un mail [&hellip;]<\/p>\n","protected":false},"author":1,"featured_media":0,"parent":0,"menu_order":0,"comment_status":"closed","ping_status":"closed","template":"elementor_header_footer","meta":{"_joinchat":[],"footnotes":""},"class_list":["post-685","page","type-page","status-publish","hentry"],"jetpack_sharing_enabled":true,"_links":{"self":[{"href":"https:\/\/lonxadecanido.org\/es\/wp-json\/wp\/v2\/pages\/685","targetHints":{"allow":["GET"]}}],"collection":[{"href":"https:\/\/lonxadecanido.org\/es\/wp-json\/wp\/v2\/pages"}],"about":[{"href":"https:\/\/lonxadecanido.org\/es\/wp-json\/wp\/v2\/types\/page"}],"author":[{"embeddable":true,"href":"https:\/\/lonxadecanido.org\/es\/wp-json\/wp\/v2\/users\/1"}],"replies":[{"embeddable":true,"href":"https:\/\/lonxadecanido.org\/es\/wp-json\/wp\/v2\/comments?post=685"}],"version-history":[{"count":3,"href":"https:\/\/lonxadecanido.org\/es\/wp-json\/wp\/v2\/pages\/685\/revisions"}],"predecessor-version":[{"id":694,"href":"https:\/\/lonxadecanido.org\/es\/wp-json\/wp\/v2\/pages\/685\/revisions\/694"}],"wp:attachment":[{"href":"https:\/\/lonxadecanido.org\/es\/wp-json\/wp\/v2\/media?parent=685"}],"curies":[{"name":"wp","href":"https:\/\/api.w.org\/{rel}","templated":true}]}}